{"id":17,"date":"2017-01-02T08:36:21","date_gmt":"2017-01-02T08:36:21","guid":{"rendered":"https:\/\/demo.themegrill.com\/flash-default-2\/?page_id=17"},"modified":"2021-03-31T22:12:58","modified_gmt":"2021-03-31T19:12:58","slug":"about","status":"publish","type":"page","link":"https:\/\/fthdental.com\/?page_id=17","title":{"rendered":"HAKKIMIZDA"},"content":{"rendered":"\n<p style=\"font-size:20px\"> FTH Dental &amp; Medikal ithal etti\u011fi \u00fcr\u00fcnlerle implantoloji ile ilgili Di\u015f hekimleri\u2019nin t\u00fcm ihtiya\u00e7lar\u0131n\u0131 kar\u015f\u0131layabilecek durumdad\u0131r. B\u00fcnyesindeki implant , hayvan kaynakl\u0131 greft ve dental el aletleriyle 4 farkl\u0131 firman\u0131n bayili\u011fini yapmaktad\u0131r.<\/p>\n\n\n\n<p> <\/p>\n\n\n\n<p class=\"has-black-color has-text-color\" style=\"font-size:20px\">        Eksiksiz servis anlay\u0131\u015f\u0131m\u0131z, ko\u015fulsuz m\u00fc\u015fteri memnuniyetimiz, rekabet\u00e7i, yenilik\u00e7i ve kaliteli \u00fcr\u00fcnlerimizle dental sekt\u00f6rde her ge\u00e7en g\u00fcn yerimizi daha da sa\u011flamla\u015ft\u0131rarak yolumuza devam etmeyi hedeflemekteyiz.<\/p>\n","protected":false},"excerpt":{"rendered":"<p>FTH Dental &amp; Medikal ithal etti\u011fi \u00fcr\u00fcnlerle implantoloji ile ilgili Di\u015f hekimleri\u2019nin t\u00fcm ihtiya\u00e7lar\u0131n\u0131 kar\u015f\u0131layabilecek durumdad\u0131r. B\u00fcnyesindeki implant , hayvan kaynakl\u0131 greft ve dental el aletleriyle 4 farkl\u0131 firman\u0131n bayili\u011fini yapmaktad\u0131r. Eksiksiz servis anlay\u0131\u015f\u0131m\u0131z, ko\u015fulsuz m\u00fc\u015fteri memnuniyetimiz, rekabet\u00e7i, yenilik\u00e7i ve kaliteli \u00fcr\u00fcnlerimizle dental sekt\u00f6rde her ge\u00e7en g\u00fcn yerimizi daha da sa\u011flamla\u015ft\u0131rarak yolumuza devam etmeyi hedeflemekteyiz.<\/p>\n","protected":false},"author":1,"featured_media":0,"parent":0,"menu_order":0,"comment_status":"closed","ping_status":"closed","template":"","meta":{"_coblocks_attr":"","_coblocks_dimensions":"","_coblocks_responsive_height":"","_coblocks_accordion_ie_support":"","footnotes":""},"class_list":["post-17","page","type-page","status-publish","hentry"],"_links":{"self":[{"href":"https:\/\/fthdental.com\/index.php?rest_route=\/wp\/v2\/pages\/17","targetHints":{"allow":["GET"]}}],"collection":[{"href":"https:\/\/fthdental.com\/index.php?rest_route=\/wp\/v2\/pages"}],"about":[{"href":"https:\/\/fthdental.com\/index.php?rest_route=\/wp\/v2\/types\/page"}],"author":[{"embeddable":true,"href":"https:\/\/fthdental.com\/index.php?rest_route=\/wp\/v2\/users\/1"}],"replies":[{"embeddable":true,"href":"https:\/\/fthdental.com\/index.php?rest_route=%2Fwp%2Fv2%2Fcomments&post=17"}],"version-history":[{"count":15,"href":"https:\/\/fthdental.com\/index.php?rest_route=\/wp\/v2\/pages\/17\/revisions"}],"predecessor-version":[{"id":4065,"href":"https:\/\/fthdental.com\/index.php?rest_route=\/wp\/v2\/pages\/17\/revisions\/4065"}],"wp:attachment":[{"href":"https:\/\/fthdental.com\/index.php?rest_route=%2Fwp%2Fv2%2Fmedia&parent=17"}],"curies":[{"name":"wp","href":"https:\/\/api.w.org\/{rel}","templated":true}]}}